{"id":4925,"date":"2016-07-21T18:23:59","date_gmt":"2016-07-21T18:23:59","guid":{"rendered":"https:\/\/softmatter.quimica.unlp.edu.ar\/?page_id=4925"},"modified":"2025-05-21T13:37:48","modified_gmt":"2025-05-21T13:37:48","slug":"services-unit-materials-characterization","status":"publish","type":"page","link":"https:\/\/softmatter.quimica.unlp.edu.ar\/?page_id=4925","title":{"rendered":"Materials Characterization Service Unit"},"content":{"rendered":"<div class=\"fusion-fullwidth fullwidth-box fusion-builder-row-1 hundred-percent-fullwidth non-hundred-percent-height-scrolling\" style=\"--awb-border-radius-top-left:0px;--awb-border-radius-top-right:0px;--awb-border-radius-bottom-right:0px;--awb-border-radius-bottom-left:0px;--awb-overflow:visible;--awb-flex-wrap:wrap;\" ><div class=\"fusion-builder-row fusion-row\"><div class=\"fusion-layout-column fusion_builder_column fusion-builder-column-0 fusion_builder_column_3_4 3_4 fusion-three-fourth fusion-column-first\" style=\"--awb-bg-size:cover;width:74%; margin-right: 4%;\"><div class=\"fusion-column-wrapper fusion-flex-column-wrapper-legacy\"><div class=\"fusion-text fusion-text-1\"><p>The Materials Characterization Service Unit (MCSU) maintains a comprehensive capability for characterizing both inorganic and soft materials using a variety of experimental techniques. One of\u00a0 the goals of this Service Unit is to maintain this comprehensive laboratory as a core facility for INIFTA researchers, extramural researchers from across the country, and regional industry users.<\/p>\n<p>To this end, the MCSU offers a range of materials characterization instrumentation and services at a convenient location and affordable cost.<br \/>\nWe provide services and technical training to research centers and industry in different areas such as interfaces, polymers and colloids, among others. Staff members expertly maintain each facility and are available to help users set up experiments or interpret their results. MCSU facilities include advanced physical, chemical and structural characterization techniques particularly dedicated to the study of materials.<\/p>\n<p>In particular, we can provide unique solutions to challenging industrial problems through materials characterization.<\/p>\n<\/div><div class=\"fusion-title title fusion-title-1 fusion-title-text fusion-title-size-three\"><h3 class=\"fusion-title-heading title-heading-left\" style=\"margin:0;\">We can determine\u2026<\/h3><span class=\"awb-title-spacer\"><\/span><div class=\"title-sep-container\"><div class=\"title-sep sep-double sep-solid\" style=\"border-color:#e0dede;\"><\/div><\/div><\/div><ul style=\"--awb-size:13px;--awb-line-height:22.1px;--awb-icon-width:22.1px;--awb-icon-height:22.1px;--awb-icon-margin:9.1px;--awb-content-margin:31.2px;--awb-circlecolor:#1a80b6;--awb-circle-yes-font-size:11.44px;\" class=\"fusion-checklist fusion-checklist-1 fusion-checklist-default type-icons\"><li class=\"fusion-li-item\" style=\"\"><span class=\"icon-wrapper circle-yes\"><i class=\"fusion-li-icon fa fa-check\" aria-hidden=\"true\"><\/i><\/span><div class=\"fusion-li-item-content\">structure\/microstructure\/nanostructure of films and bulk materials<\/div><\/li><li class=\"fusion-li-item\" style=\"\"><span class=\"icon-wrapper circle-yes\"><i class=\"fusion-li-icon fa fa-check\" aria-hidden=\"true\"><\/i><\/span><div class=\"fusion-li-item-content\">composition and identify functional groups or foreign substances<\/p>\n<\/div><\/li><li class=\"fusion-li-item\" style=\"\"><span class=\"icon-wrapper circle-yes\"><i class=\"fusion-li-icon fa fa-check\" aria-hidden=\"true\"><\/i><\/span><div class=\"fusion-li-item-content\">particle size and zeta potential<\/div><\/li><li class=\"fusion-li-item\" style=\"\"><span class=\"icon-wrapper circle-yes\"><i class=\"fusion-li-icon fa fa-check\" aria-hidden=\"true\"><\/i><\/span><div class=\"fusion-li-item-content\">film thickness<\/div><\/li><li class=\"fusion-li-item\" style=\"\"><span class=\"icon-wrapper circle-yes\"><i class=\"fusion-li-icon fa fa-check\" aria-hidden=\"true\"><\/i><\/span><div class=\"fusion-li-item-content\">optical properties of thin films<\/div><\/li><li class=\"fusion-li-item\" style=\"\"><span class=\"icon-wrapper circle-yes\"><i class=\"fusion-li-icon fa fa-check\" aria-hidden=\"true\"><\/i><\/span><div class=\"fusion-li-item-content\">thermal behavior<\/div><\/li><li class=\"fusion-li-item\" style=\"\"><span class=\"icon-wrapper circle-yes\"><i class=\"fusion-li-icon fa fa-check\" aria-hidden=\"true\"><\/i><\/span><div class=\"fusion-li-item-content\">surface reactivity<\/div><\/li><\/ul><div class=\"fusion-sep-clear\"><\/div><div class=\"fusion-separator fusion-full-width-sep\" style=\"margin-left: auto;margin-right: auto;margin-top:15px;width:100%;\"><\/div><div class=\"fusion-sep-clear\"><\/div><div class=\"fusion-text fusion-text-2\"><p>to help our industrial customers make well informed and sound decisions about:<\/p>\n<\/div><ul style=\"--awb-size:13px;--awb-line-height:22.1px;--awb-icon-width:22.1px;--awb-icon-height:22.1px;--awb-icon-margin:9.1px;--awb-content-margin:31.2px;--awb-circlecolor:#1a80b6;--awb-circle-yes-font-size:11.44px;\" class=\"fusion-checklist fusion-checklist-2 fusion-checklist-default type-icons\"><li class=\"fusion-li-item\" style=\"\"><span class=\"icon-wrapper circle-yes\"><i class=\"fusion-li-icon fa fa-check\" aria-hidden=\"true\"><\/i><\/span><div class=\"fusion-li-item-content\">Suitable raw materials<\/div><\/li><li class=\"fusion-li-item\" style=\"\"><span class=\"icon-wrapper circle-yes\"><i class=\"fusion-li-icon fa fa-check\" aria-hidden=\"true\"><\/i><\/span><div class=\"fusion-li-item-content\">Effect of processing<\/div><\/li><li class=\"fusion-li-item\" style=\"\"><span class=\"icon-wrapper circle-yes\"><i class=\"fusion-li-icon fa fa-check\" aria-hidden=\"true\"><\/i><\/span><div class=\"fusion-li-item-content\">Compatibility with other materials<\/div><\/li><li class=\"fusion-li-item\" style=\"\"><span class=\"icon-wrapper circle-yes\"><i class=\"fusion-li-icon fa fa-check\" aria-hidden=\"true\"><\/i><\/span><div class=\"fusion-li-item-content\">Efficiency of manufacturing process.<\/div><\/li><li class=\"fusion-li-item\" style=\"\"><span class=\"icon-wrapper circle-yes\"><i class=\"fusion-li-icon fa fa-check\" aria-hidden=\"true\"><\/i><\/span><div class=\"fusion-li-item-content\">Performance of new products<\/div><\/li><\/ul><div class=\"fusion-sep-clear\"><\/div><div class=\"fusion-separator fusion-full-width-sep\" style=\"margin-left: auto;margin-right: auto;width:100%;\"><\/div><div class=\"fusion-sep-clear\"><\/div><div class=\"fusion-title title fusion-title-2 fusion-title-text fusion-title-size-three\" style=\"--awb-margin-top:20px;\"><h3 class=\"fusion-title-heading title-heading-left\" style=\"margin:0;\">Techniques available at MCSU:<\/h3><span class=\"awb-title-spacer\"><\/span><div class=\"title-sep-container\"><div class=\"title-sep sep-double sep-solid\" style=\"border-color:#e0dede;\"><\/div><\/div><\/div><div class=\"accordian fusion-accordian\" style=\"--awb-border-size:1px;--awb-icon-size:13px;--awb-content-font-size:14px;--awb-icon-alignment:left;--awb-hover-color:#f9f9f9;--awb-border-color:#cccccc;--awb-background-color:#ffffff;--awb-divider-color:#e0dede;--awb-divider-hover-color:#e0dede;--awb-icon-color:#ffffff;--awb-title-color:#333333;--awb-content-color:#747474;--awb-icon-box-color:#333333;--awb-toggle-hover-accent-color:#1a80b6;--awb-title-font-family:&quot;Roboto&quot;;--awb-title-font-weight:400;--awb-title-font-style:normal;--awb-title-font-size:13px;--awb-title-line-height:1.5;--awb-content-font-family:&quot;Roboto&quot;;--awb-content-font-style:normal;--awb-content-font-weight:400;\"><div class=\"panel-group fusion-toggle-icon-boxed\" id=\"accordion-4925-1\"><div class=\"fusion-panel panel-default panel-9f194048f69de7082 fusion-toggle-has-divider\"><div class=\"panel-heading\"><h4 class=\"panel-title toggle\" id=\"toggle_9f194048f69de7082\"><a aria-expanded=\"false\" aria-controls=\"9f194048f69de7082\" role=\"button\" data-toggle=\"collapse\" data-parent=\"#accordion-4925-1\" data-target=\"#9f194048f69de7082\" href=\"#9f194048f69de7082\"><span class=\"fusion-toggle-icon-wrapper\" aria-hidden=\"true\"><i class=\"fa-fusion-box active-icon awb-icon-minus\" aria-hidden=\"true\"><\/i><i class=\"fa-fusion-box inactive-icon awb-icon-plus\" aria-hidden=\"true\"><\/i><\/span><span class=\"fusion-toggle-heading\">Dynamic light scattering (DLS)<\/span><\/a><\/h4><\/div><div id=\"9f194048f69de7082\" class=\"panel-collapse collapse \" aria-labelledby=\"toggle_9f194048f69de7082\"><div class=\"panel-body toggle-content fusion-clearfix\">\n<p>Equipo y Modelo: Malvern Nanosizer<\/p>\n<ul>\n<li>Determinaci\u00f3n de tama\u00f1o de part\u00edcula<\/li>\n<li>Determinaci\u00f3n de potencial zeta<\/li>\n<\/ul>\n<\/div><\/div><\/div><div class=\"fusion-panel panel-default panel-596a6033b5d1e3768 fusion-toggle-has-divider\"><div class=\"panel-heading\"><h4 class=\"panel-title toggle\" id=\"toggle_596a6033b5d1e3768\"><a aria-expanded=\"false\" aria-controls=\"596a6033b5d1e3768\" role=\"button\" data-toggle=\"collapse\" data-parent=\"#accordion-4925-1\" data-target=\"#596a6033b5d1e3768\" href=\"#596a6033b5d1e3768\"><span class=\"fusion-toggle-icon-wrapper\" aria-hidden=\"true\"><i class=\"fa-fusion-box active-icon awb-icon-minus\" aria-hidden=\"true\"><\/i><i class=\"fa-fusion-box inactive-icon awb-icon-plus\" aria-hidden=\"true\"><\/i><\/span><span class=\"fusion-toggle-heading\">Surface plasmon resonance spectroscopy (SPR) <\/span><\/a><\/h4><\/div><div id=\"596a6033b5d1e3768\" class=\"panel-collapse collapse \" aria-labelledby=\"toggle_596a6033b5d1e3768\"><div class=\"panel-body toggle-content fusion-clearfix\">Equipo y Modelo: Bionavis &#8211; MP-SPR Navi 210 A<\/p>\n<ul>\n<li>Determinaci\u00f3n de constantes de afinidad ligando-receptor<\/li>\n<li>Determinaci\u00f3n de selectividad y especificidad \u2013 screening de ligandos<\/li>\n<li>Determinaci\u00f3n de par\u00e1metros cin\u00e9ticos en fen\u00f3menos de adsorci\u00f3n en la interfaz s\u00f3lido-l\u00edquido<\/li>\n<li>Determinaci\u00f3n de cubrimientos superficiales<\/li>\n<\/ul>\n<\/div><\/div><\/div><div class=\"fusion-panel panel-default panel-f15d36e2bdfb284a3 fusion-toggle-has-divider\"><div class=\"panel-heading\"><h4 class=\"panel-title toggle\" id=\"toggle_f15d36e2bdfb284a3\"><a aria-expanded=\"false\" aria-controls=\"f15d36e2bdfb284a3\" role=\"button\" data-toggle=\"collapse\" data-parent=\"#accordion-4925-1\" data-target=\"#f15d36e2bdfb284a3\" href=\"#f15d36e2bdfb284a3\"><span class=\"fusion-toggle-icon-wrapper\" aria-hidden=\"true\"><i class=\"fa-fusion-box active-icon awb-icon-minus\" aria-hidden=\"true\"><\/i><i class=\"fa-fusion-box inactive-icon awb-icon-plus\" aria-hidden=\"true\"><\/i><\/span><span class=\"fusion-toggle-heading\">Fourier transform infrared spectroscopy (FTIR)<\/span><\/a><\/h4><\/div><div id=\"f15d36e2bdfb284a3\" class=\"panel-collapse collapse \" aria-labelledby=\"toggle_f15d36e2bdfb284a3\"><div class=\"panel-body toggle-content fusion-clearfix\">Equipo y Modelo: Varian \u2013 660-IR<\/p>\n<ul>\n<li>Identificaci\u00f3n de grupos funcionales<\/li>\n<li>Determinaci\u00f3n de concentraciones relativas de dos o m\u00e1s componentes.<\/li>\n<\/ul>\n<\/div><\/div><\/div><div class=\"fusion-panel panel-default panel-b74ab060a77a1d88e fusion-toggle-has-divider\"><div class=\"panel-heading\"><h4 class=\"panel-title toggle\" id=\"toggle_b74ab060a77a1d88e\"><a aria-expanded=\"false\" aria-controls=\"b74ab060a77a1d88e\" role=\"button\" data-toggle=\"collapse\" data-parent=\"#accordion-4925-1\" data-target=\"#b74ab060a77a1d88e\" href=\"#b74ab060a77a1d88e\"><span class=\"fusion-toggle-icon-wrapper\" aria-hidden=\"true\"><i class=\"fa-fusion-box active-icon awb-icon-minus\" aria-hidden=\"true\"><\/i><i class=\"fa-fusion-box inactive-icon awb-icon-plus\" aria-hidden=\"true\"><\/i><\/span><span class=\"fusion-toggle-heading\">Raman spectroscopy<\/span><\/a><\/h4><\/div><div id=\"b74ab060a77a1d88e\" class=\"panel-collapse collapse \" aria-labelledby=\"toggle_b74ab060a77a1d88e\"><div class=\"panel-body toggle-content fusion-clearfix\">Equipo y modelo: B&amp;W Tek<\/p>\n<ul>\n<li>Identificaci\u00f3n de grupos funcionales<\/li>\n<li>Determinaci\u00f3n de concentraciones relativas de dos o m\u00e1s componentes.<\/li>\n<\/ul>\n<\/div><\/div><\/div><div class=\"fusion-panel panel-default panel-8265693782a3def9f fusion-toggle-has-divider\"><div class=\"panel-heading\"><h4 class=\"panel-title toggle\" id=\"toggle_8265693782a3def9f\"><a aria-expanded=\"false\" aria-controls=\"8265693782a3def9f\" role=\"button\" data-toggle=\"collapse\" data-parent=\"#accordion-4925-1\" data-target=\"#8265693782a3def9f\" href=\"#8265693782a3def9f\"><span class=\"fusion-toggle-icon-wrapper\" aria-hidden=\"true\"><i class=\"fa-fusion-box active-icon awb-icon-minus\" aria-hidden=\"true\"><\/i><i class=\"fa-fusion-box inactive-icon awb-icon-plus\" aria-hidden=\"true\"><\/i><\/span><span class=\"fusion-toggle-heading\">Small- and wide angle X-ray scattering (SAXS and WAXS)<\/span><\/a><\/h4><\/div><div id=\"8265693782a3def9f\" class=\"panel-collapse collapse \" aria-labelledby=\"toggle_8265693782a3def9f\"><div class=\"panel-body toggle-content fusion-clearfix\">Equipo y modelo: Xenocs \u2013 Xeuss 1.0<\/p>\n<ul>\n<li>Determinaci\u00f3n de cristalinidad de pol\u00edmeros (organizaci\u00f3n a escala molecular).<\/li>\n<li>Determinaci\u00f3n de forma y tama\u00f1o de part\u00edcula.<\/li>\n<li>Determinaci\u00f3n de organizaci\u00f3n en la nano y mesoescala.<\/li>\n<li>Determinaci\u00f3n de tama\u00f1o de cristalita.<\/li>\n<\/ul>\n<\/div><\/div><\/div><div class=\"fusion-panel panel-default panel-1d960c724d2f994a0 fusion-toggle-has-divider\"><div class=\"panel-heading\"><h4 class=\"panel-title toggle\" id=\"toggle_1d960c724d2f994a0\"><a aria-expanded=\"false\" aria-controls=\"1d960c724d2f994a0\" role=\"button\" data-toggle=\"collapse\" data-parent=\"#accordion-4925-1\" data-target=\"#1d960c724d2f994a0\" href=\"#1d960c724d2f994a0\"><span class=\"fusion-toggle-icon-wrapper\" aria-hidden=\"true\"><i class=\"fa-fusion-box active-icon awb-icon-minus\" aria-hidden=\"true\"><\/i><i class=\"fa-fusion-box inactive-icon awb-icon-plus\" aria-hidden=\"true\"><\/i><\/span><span class=\"fusion-toggle-heading\">X-ray reflectivity (XRR)<\/span><\/a><\/h4><\/div><div id=\"1d960c724d2f994a0\" class=\"panel-collapse collapse \" aria-labelledby=\"toggle_1d960c724d2f994a0\"><div class=\"panel-body toggle-content fusion-clearfix\">Equipo y Modelo: Xenocs \u2013 Xeuss 1.0<\/p>\n<ul>\n<li>Espesor de pel\u00edculas delgadas<\/li>\n<li>Densidad y composici\u00f3n de pel\u00edculas delgadas<\/li>\n<li>Rugosidad de pel\u00edculas e interfaces<\/li>\n<\/ul>\n<\/div><\/div><\/div><div class=\"fusion-panel panel-default panel-5d3c436e276f8993b fusion-toggle-has-divider\"><div class=\"panel-heading\"><h4 class=\"panel-title toggle\" id=\"toggle_5d3c436e276f8993b\"><a aria-expanded=\"false\" aria-controls=\"5d3c436e276f8993b\" role=\"button\" data-toggle=\"collapse\" data-parent=\"#accordion-4925-1\" data-target=\"#5d3c436e276f8993b\" href=\"#5d3c436e276f8993b\"><span class=\"fusion-toggle-icon-wrapper\" aria-hidden=\"true\"><i class=\"fa-fusion-box active-icon awb-icon-minus\" aria-hidden=\"true\"><\/i><i class=\"fa-fusion-box inactive-icon awb-icon-plus\" aria-hidden=\"true\"><\/i><\/span><span class=\"fusion-toggle-heading\">Grazing-incidence small-angle X-ray scattering (GISAXS)<\/span><\/a><\/h4><\/div><div id=\"5d3c436e276f8993b\" class=\"panel-collapse collapse \" aria-labelledby=\"toggle_5d3c436e276f8993b\"><div class=\"panel-body toggle-content fusion-clearfix\">Equipo y Modelo: Xenocs \u2013 Xeuss 1.0<\/p>\n<ul>\n<li>Determinaci\u00f3n de la presencia de dominios organizados en pel\u00edculas delgadas.<\/li>\n<li>Determinaci\u00f3n de la orientaci\u00f3n de los dominios organizados dentro del film con respecto al substrato.<\/li>\n<li>Estimaci\u00f3n de dimensiones caracter\u00edsticas de los dominios organizados<\/li>\n<\/ul>\n<\/div><\/div><\/div><div class=\"fusion-panel panel-default panel-3dec275c701469b63 fusion-toggle-has-divider\"><div class=\"panel-heading\"><h4 class=\"panel-title toggle\" id=\"toggle_3dec275c701469b63\"><a aria-expanded=\"false\" aria-controls=\"3dec275c701469b63\" role=\"button\" data-toggle=\"collapse\" data-parent=\"#accordion-4925-1\" data-target=\"#3dec275c701469b63\" href=\"#3dec275c701469b63\"><span class=\"fusion-toggle-icon-wrapper\" aria-hidden=\"true\"><i class=\"fa-fusion-box active-icon awb-icon-minus\" aria-hidden=\"true\"><\/i><i class=\"fa-fusion-box inactive-icon awb-icon-plus\" aria-hidden=\"true\"><\/i><\/span><span class=\"fusion-toggle-heading\">Thermogravimetric analysis (TGA)<\/span><\/a><\/h4><\/div><div id=\"3dec275c701469b63\" class=\"panel-collapse collapse \" aria-labelledby=\"toggle_3dec275c701469b63\"><div class=\"panel-body toggle-content fusion-clearfix\">Equipo y modelo: TA Instruments \u2013 TGA Q500<\/p>\n<ul>\n<li>Caracterizaci\u00f3n de fen\u00f3menos f\u00edsicos: vaporizaci\u00f3n, sublimaci\u00f3n, absorci\u00f3n, desorci\u00f3n.<\/li>\n<li>Caracterizaci\u00f3n de fen\u00f3menos qu\u00edmicos: quimisorci\u00f3n, desolvataci\u00f3n, deshidrataci\u00f3n, descomposici\u00f3n, reacciones en la interfaz s\u00f3lido-gas (e.g.: oxidaci\u00f3n o reducci\u00f3n).<\/li>\n<li>Caracterizaci\u00f3n de materiales a trav\u00e9s de patrones de descomposici\u00f3n termoinducidos.<\/li>\n<li>Estudio de mecanismos y cin\u00e9ticas de degradaci\u00f3n.<\/li>\n<li>Determinaci\u00f3n del contenido org\u00e1nico en una muestra.<\/li>\n<li>Determinaci\u00f3n del contenido inorg\u00e1nico en una muestra.<\/li>\n<li>Caracterizaci\u00f3n de materiales polim\u00e9ricos: termopl\u00e1sticos, elast\u00f3meros, termocurables, composites, etc.<\/li>\n<\/ul>\n<\/div><\/div><\/div><div class=\"fusion-panel panel-default panel-d1905ef4d2abab85c fusion-toggle-has-divider\"><div class=\"panel-heading\"><h4 class=\"panel-title toggle\" id=\"toggle_d1905ef4d2abab85c\"><a aria-expanded=\"false\" aria-controls=\"d1905ef4d2abab85c\" role=\"button\" data-toggle=\"collapse\" data-parent=\"#accordion-4925-1\" data-target=\"#d1905ef4d2abab85c\" href=\"#d1905ef4d2abab85c\"><span class=\"fusion-toggle-icon-wrapper\" aria-hidden=\"true\"><i class=\"fa-fusion-box active-icon awb-icon-minus\" aria-hidden=\"true\"><\/i><i class=\"fa-fusion-box inactive-icon awb-icon-plus\" aria-hidden=\"true\"><\/i><\/span><span class=\"fusion-toggle-heading\">Differential scanning calorimetry (DSC)<\/span><\/a><\/h4><\/div><div id=\"d1905ef4d2abab85c\" class=\"panel-collapse collapse \" aria-labelledby=\"toggle_d1905ef4d2abab85c\"><div class=\"panel-body toggle-content fusion-clearfix\">Equipo y modelo: TA Instruments \u2013 TGA Q2000<\/p>\n<ul>\n<li>Determinaci\u00f3n de temperaturas de transici\u00f3n v\u00edtrea.<\/li>\n<li>Determinaci\u00f3n de temperatura de fusi\u00f3n.<\/li>\n<li>Estudios de cristalinidad y morfol\u00f3gicos.<\/li>\n<li>Estudios de reacciones de curado en resinas<\/li>\n<li>Estudios de calor espec\u00edfico<\/li>\n<\/ul>\n<\/div><\/div><\/div><div class=\"fusion-panel panel-default panel-2c57960deebd0b6ba fusion-toggle-has-divider\"><div class=\"panel-heading\"><h4 class=\"panel-title toggle\" id=\"toggle_2c57960deebd0b6ba\"><a aria-expanded=\"false\" aria-controls=\"2c57960deebd0b6ba\" role=\"button\" data-toggle=\"collapse\" data-parent=\"#accordion-4925-1\" data-target=\"#2c57960deebd0b6ba\" href=\"#2c57960deebd0b6ba\"><span class=\"fusion-toggle-icon-wrapper\" aria-hidden=\"true\"><i class=\"fa-fusion-box active-icon awb-icon-minus\" aria-hidden=\"true\"><\/i><i class=\"fa-fusion-box inactive-icon awb-icon-plus\" aria-hidden=\"true\"><\/i><\/span><span class=\"fusion-toggle-heading\">Rheometer<\/span><\/a><\/h4><\/div><div id=\"2c57960deebd0b6ba\" class=\"panel-collapse collapse \" aria-labelledby=\"toggle_2c57960deebd0b6ba\"><div class=\"panel-body toggle-content fusion-clearfix\">Equipo y modelo: TA Instruments \u2013 DHR<\/p>\n<ul>\n<li>Determinaci\u00f3n de propiedades viscoel\u00e1sticas de materiales<\/li>\n<\/ul>\n<\/div><\/div><\/div><div class=\"fusion-panel panel-default panel-d44ddb57c98332dd2 fusion-toggle-has-divider\"><div class=\"panel-heading\"><h4 class=\"panel-title toggle\" id=\"toggle_d44ddb57c98332dd2\"><a aria-expanded=\"false\" aria-controls=\"d44ddb57c98332dd2\" role=\"button\" data-toggle=\"collapse\" data-parent=\"#accordion-4925-1\" data-target=\"#d44ddb57c98332dd2\" href=\"#d44ddb57c98332dd2\"><span class=\"fusion-toggle-icon-wrapper\" aria-hidden=\"true\"><i class=\"fa-fusion-box active-icon awb-icon-minus\" aria-hidden=\"true\"><\/i><i class=\"fa-fusion-box inactive-icon awb-icon-plus\" aria-hidden=\"true\"><\/i><\/span><span class=\"fusion-toggle-heading\">Physisorption Analyzer<\/span><\/a><\/h4><\/div><div id=\"d44ddb57c98332dd2\" class=\"panel-collapse collapse \" aria-labelledby=\"toggle_d44ddb57c98332dd2\"><div class=\"panel-body toggle-content fusion-clearfix\">Equipo y modelo: Micromeritics ASAP 2020<\/p>\n<ul>\n<li>Determinaci\u00f3n de \u00e1rea superficial y porosidad de materiales<\/li>\n<\/ul>\n<\/div><\/div><\/div><div class=\"fusion-panel panel-default panel-3e1528018b53d06be fusion-toggle-has-divider\"><div class=\"panel-heading\"><h4 class=\"panel-title toggle\" id=\"toggle_3e1528018b53d06be\"><a aria-expanded=\"false\" aria-controls=\"3e1528018b53d06be\" role=\"button\" data-toggle=\"collapse\" data-parent=\"#accordion-4925-1\" data-target=\"#3e1528018b53d06be\" href=\"#3e1528018b53d06be\"><span class=\"fusion-toggle-icon-wrapper\" aria-hidden=\"true\"><i class=\"fa-fusion-box active-icon awb-icon-minus\" aria-hidden=\"true\"><\/i><i class=\"fa-fusion-box inactive-icon awb-icon-plus\" aria-hidden=\"true\"><\/i><\/span><span class=\"fusion-toggle-heading\">Fluorescence spectroscopy<\/span><\/a><\/h4><\/div><div id=\"3e1528018b53d06be\" class=\"panel-collapse collapse \" aria-labelledby=\"toggle_3e1528018b53d06be\"><div class=\"panel-body toggle-content fusion-clearfix\">Equipo y Modelo: Varian \u2013 Cary Eclipse<\/div><\/div><\/div><div class=\"fusion-panel panel-default panel-92fbbcbcee362445c fusion-toggle-has-divider\"><div class=\"panel-heading\"><h4 class=\"panel-title toggle\" id=\"toggle_92fbbcbcee362445c\"><a aria-expanded=\"false\" aria-controls=\"92fbbcbcee362445c\" role=\"button\" data-toggle=\"collapse\" data-parent=\"#accordion-4925-1\" data-target=\"#92fbbcbcee362445c\" href=\"#92fbbcbcee362445c\"><span class=\"fusion-toggle-icon-wrapper\" aria-hidden=\"true\"><i class=\"fa-fusion-box active-icon awb-icon-minus\" aria-hidden=\"true\"><\/i><i class=\"fa-fusion-box inactive-icon awb-icon-plus\" aria-hidden=\"true\"><\/i><\/span><span class=\"fusion-toggle-heading\">UV\/VIS spectroscopy<\/span><\/a><\/h4><\/div><div id=\"92fbbcbcee362445c\" class=\"panel-collapse collapse \" aria-labelledby=\"toggle_92fbbcbcee362445c\"><div class=\"panel-body toggle-content fusion-clearfix\">Equipo y Modelo: Ocean Optics<\/div><\/div><\/div><div class=\"fusion-panel panel-default panel-24c7dc1f59883a63b fusion-toggle-has-divider\"><div class=\"panel-heading\"><h4 class=\"panel-title toggle\" id=\"toggle_24c7dc1f59883a63b\"><a aria-expanded=\"false\" aria-controls=\"24c7dc1f59883a63b\" role=\"button\" data-toggle=\"collapse\" data-parent=\"#accordion-4925-1\" data-target=\"#24c7dc1f59883a63b\" href=\"#24c7dc1f59883a63b\"><span class=\"fusion-toggle-icon-wrapper\" aria-hidden=\"true\"><i class=\"fa-fusion-box active-icon awb-icon-minus\" aria-hidden=\"true\"><\/i><i class=\"fa-fusion-box inactive-icon awb-icon-plus\" aria-hidden=\"true\"><\/i><\/span><span class=\"fusion-toggle-heading\">Spectroscopic ellipsometry<\/span><\/a><\/h4><\/div><div id=\"24c7dc1f59883a63b\" class=\"panel-collapse collapse \" aria-labelledby=\"toggle_24c7dc1f59883a63b\"><div class=\"panel-body toggle-content fusion-clearfix\">Equipo y Modelo: J.A. Wollam Co. \u2013 alpha-SE<\/p>\n<ul>\n<li>Determinaci\u00f3n de propiedades \u00f3pticas de pel\u00edculas delgadas<\/li>\n<li>Determinaci\u00f3n de espesores de pel\u00edculas delgadas soportadas sobre un sustrato<\/li>\n<\/ul>\n<\/div><\/div><\/div><div class=\"fusion-panel panel-default panel-be4150f201f9902cf fusion-toggle-has-divider\"><div class=\"panel-heading\"><h4 class=\"panel-title toggle\" id=\"toggle_be4150f201f9902cf\"><a aria-expanded=\"false\" aria-controls=\"be4150f201f9902cf\" role=\"button\" data-toggle=\"collapse\" data-parent=\"#accordion-4925-1\" data-target=\"#be4150f201f9902cf\" href=\"#be4150f201f9902cf\"><span class=\"fusion-toggle-icon-wrapper\" aria-hidden=\"true\"><i class=\"fa-fusion-box active-icon awb-icon-minus\" aria-hidden=\"true\"><\/i><i class=\"fa-fusion-box inactive-icon awb-icon-plus\" aria-hidden=\"true\"><\/i><\/span><span class=\"fusion-toggle-heading\">Contact angle goniometry (wetting measurements)<\/span><\/a><\/h4><\/div><div id=\"be4150f201f9902cf\" class=\"panel-collapse collapse \" aria-labelledby=\"toggle_be4150f201f9902cf\"><div class=\"panel-body toggle-content fusion-clearfix\">Equipo y Modelo: Ram\u00e9-Hart<\/p>\n<ul>\n<li>Determinaci\u00f3n de las propiedades de mojado de una superficie.<\/li>\n<\/ul>\n<\/div><\/div><\/div><div class=\"fusion-panel panel-default panel-655061b0da6cb60e9 fusion-toggle-has-divider\"><div class=\"panel-heading\"><h4 class=\"panel-title toggle\" id=\"toggle_655061b0da6cb60e9\"><a aria-expanded=\"false\" aria-controls=\"655061b0da6cb60e9\" role=\"button\" data-toggle=\"collapse\" data-parent=\"#accordion-4925-1\" data-target=\"#655061b0da6cb60e9\" href=\"#655061b0da6cb60e9\"><span class=\"fusion-toggle-icon-wrapper\" aria-hidden=\"true\"><i class=\"fa-fusion-box active-icon awb-icon-minus\" aria-hidden=\"true\"><\/i><i class=\"fa-fusion-box inactive-icon awb-icon-plus\" aria-hidden=\"true\"><\/i><\/span><span class=\"fusion-toggle-heading\">Force tensiometer<\/span><\/a><\/h4><\/div><div id=\"655061b0da6cb60e9\" class=\"panel-collapse collapse \" aria-labelledby=\"toggle_655061b0da6cb60e9\"><div class=\"panel-body toggle-content fusion-clearfix\">Equipo y Modelo: Attension \u2013 Sigma 700<\/p>\n<ul>\n<li>Determinaci\u00f3n de tensi\u00f3n superficial e interfacial de l\u00edquidos.<\/li>\n<\/ul>\n<\/div><\/div><\/div><\/div><\/div><div class=\"fusion-clearfix\"><\/div><\/div><\/div><\/div><\/div>\n","protected":false},"excerpt":{"rendered":"","protected":false},"author":11,"featured_media":0,"parent":0,"menu_order":0,"comment_status":"closed","ping_status":"closed","template":"","meta":{"footnotes":""},"class_list":["post-4925","page","type-page","status-publish","hentry"],"_links":{"self":[{"href":"https:\/\/softmatter.quimica.unlp.edu.ar\/index.php?rest_route=\/wp\/v2\/pages\/4925","targetHints":{"allow":["GET"]}}],"collection":[{"href":"https:\/\/softmatter.quimica.unlp.edu.ar\/index.php?rest_route=\/wp\/v2\/pages"}],"about":[{"href":"https:\/\/softmatter.quimica.unlp.edu.ar\/index.php?rest_route=\/wp\/v2\/types\/page"}],"author":[{"embeddable":true,"href":"https:\/\/softmatter.quimica.unlp.edu.ar\/index.php?rest_route=\/wp\/v2\/users\/11"}],"replies":[{"embeddable":true,"href":"https:\/\/softmatter.quimica.unlp.edu.ar\/index.php?rest_route=%2Fwp%2Fv2%2Fcomments&post=4925"}],"version-history":[{"count":11,"href":"https:\/\/softmatter.quimica.unlp.edu.ar\/index.php?rest_route=\/wp\/v2\/pages\/4925\/revisions"}],"predecessor-version":[{"id":6570,"href":"https:\/\/softmatter.quimica.unlp.edu.ar\/index.php?rest_route=\/wp\/v2\/pages\/4925\/revisions\/6570"}],"wp:attachment":[{"href":"https:\/\/softmatter.quimica.unlp.edu.ar\/index.php?rest_route=%2Fwp%2Fv2%2Fmedia&parent=4925"}],"curies":[{"name":"wp","href":"https:\/\/api.w.org\/{rel}","templated":true}]}}