{"id":4937,"date":"2016-07-21T18:29:10","date_gmt":"2016-07-21T18:29:10","guid":{"rendered":"https:\/\/softmatter.quimica.unlp.edu.ar\/?page_id=4937"},"modified":"2025-05-21T13:37:46","modified_gmt":"2025-05-21T13:37:46","slug":"research","status":"publish","type":"page","link":"https:\/\/softmatter.quimica.unlp.edu.ar\/?page_id=4937","title":{"rendered":"Research"},"content":{"rendered":"<div class=\"fusion-fullwidth fullwidth-box fusion-builder-row-1 hundred-percent-fullwidth non-hundred-percent-height-scrolling\" style=\"--awb-border-radius-top-left:0px;--awb-border-radius-top-right:0px;--awb-border-radius-bottom-right:0px;--awb-border-radius-bottom-left:0px;--awb-overflow:visible;--awb-flex-wrap:wrap;\" ><div class=\"fusion-builder-row fusion-row\"><div class=\"fusion-layout-column fusion_builder_column fusion-builder-column-0 fusion_builder_column_1_1 1_1 fusion-one-full fusion-column-first fusion-column-last fusion-column-no-min-height\" style=\"--awb-bg-size:cover;--awb-margin-bottom:0px;\"><div class=\"fusion-column-wrapper fusion-flex-column-wrapper-legacy\"><div class=\"fusion-blog-shortcode fusion-blog-shortcode-1 fusion-blog-archive fusion-blog-layout-medium fusion-blog-pagination\"><div class=\"fusion-posts-container fusion-posts-container-pagination fusion-no-meta-info fusion-blog-rollover\" data-pages=\"1\"><article id=\"blog-1-post-4953\" class=\"fusion-post-medium post-4953 post type-post status-publish format-standard has-post-thumbnail hentry category-research\">\n\t<style type=\"text\/css\">\n\t\t\n\t\t\n\t\t\n\t\t\n\t\t\t<\/style>\n\n\n\t\t\t<div class=\"fusion-flexslider flexslider fusion-flexslider-loading fusion-post-slideshow\" style=\"\">\n\t\t<ul class=\"slides\">\n\t\t\t\n\t\t\t\t\t\t\t\t\t\t\t\t\t\t<li><div  class=\"fusion-image-wrapper fusion-image-size-fixed\" aria-haspopup=\"true\">\n\t\t\t\t<img decoding=\"async\" width=\"320\" height=\"202\" src=\"https:\/\/softmatter.quimica.unlp.edu.ar\/wp-content\/uploads\/2016\/06\/Materiales-Microporosos-y-Mesoporosos-320x202.png\" class=\"attachment-blog-medium size-blog-medium wp-post-image\" alt=\"\" srcset=\"https:\/\/softmatter.quimica.unlp.edu.ar\/wp-content\/uploads\/2016\/06\/Materiales-Microporosos-y-Mesoporosos-320x202.png 320w, https:\/\/softmatter.quimica.unlp.edu.ar\/wp-content\/uploads\/2016\/06\/Materiales-Microporosos-y-Mesoporosos-700x441.png 700w\" sizes=\"(max-width: 320px) 100vw, 320px\" \/><div class=\"fusion-rollover\">\n\t<div class=\"fusion-rollover-content\">\n\n\t\t\t\t\t\t\t\t\t\t\t\t\t\t<a class=\"fusion-rollover-link\" href=\"https:\/\/softmatter.quimica.unlp.edu.ar\/?p=4953\">Microporous and Mesoporous Materials<\/a>\n\t\t\t\n\t\t\t\t\t\t\t\t\t\t\t\t\t\t\n\t\t\t\t\t\t\t\t\n\t\t\t\t\t\t\t\t\t\t\t\t\t<div class=\"fusion-rollover-sep\"><\/div>\n\t\t\t\t\n\t\t\t\t\t\t\t\t\t\t\t\t\t\t\t\t\t\t<a class=\"fusion-rollover-gallery\" href=\"https:\/\/softmatter.quimica.unlp.edu.ar\/wp-content\/uploads\/2016\/06\/Materiales-Microporosos-y-Mesoporosos.png\" data-options=\"\" data-id=\"4953\" data-rel=\"iLightbox[gallery]\" data-title=\"Materiales Microporosos y Mesoporosos\" data-caption=\"\">\n\t\t\t\t\t\tGallery\t\t\t\t\t<\/a>\n\t\t\t\t\t\t\t\t\t\t\t\t\t\t\n\t\t\n\t\t\t\t\t\t\t\t\t\t\t\t<h4 class=\"fusion-rollover-title\">\n\t\t\t\t\t<a class=\"fusion-rollover-title-link\" href=\"https:\/\/softmatter.quimica.unlp.edu.ar\/?p=4953\">\n\t\t\t\t\t\tMicroporous and Mesoporous Materials\t\t\t\t\t<\/a>\n\t\t\t\t<\/h4>\n\t\t\t\n\t\t\t\t\t\t\t\t\t\t<div class=\"fusion-rollover-categories\"><a href=\"https:\/\/softmatter.quimica.unlp.edu.ar\/?cat=2\" rel=\"tag\">Research<\/a><\/div>\t\t\t\t\t\n\t\t\n\t\t\t\t\t\t<a class=\"fusion-link-wrapper\" href=\"https:\/\/softmatter.quimica.unlp.edu.ar\/?p=4953\" aria-label=\"Microporous and Mesoporous Materials\"><\/a>\n\t<\/div>\n<\/div>\n<\/div>\n<\/li>\n\t\t\t\n\t\t\t\n\t\t\t\t\t\t\t\t\t\t\t\t\t\t\t\t\t\t\t\t\t\t\t\t\t\t\t\t\t\t\t\t\t\t\t\t\t\t\t\t\t\t\t\t\t\t\t\t\t\t\t\t\t\t\t\t\t\t\t\t\t\t\t\t\t\t\t\t<\/ul>\n\t<\/div>\n\t<div class=\"fusion-post-content post-content\"><h2 class=\"blog-shortcode-post-title entry-title\"><a href=\"https:\/\/softmatter.quimica.unlp.edu.ar\/?p=4953\">Microporous and Mesoporous Materials<\/a><\/h2><div class=\"fusion-post-content-container\"><p>Part of the appeal of microporous and mesoporous materials is the unique and thorough molecular control of their intrinsic topological and chemical characteristics that nanochemistry is able to provide. With the correct choice of building [...]<\/p><\/div><\/div><div class=\"fusion-clearfix\"><\/div><\/article>\n<article id=\"blog-1-post-4627\" class=\"fusion-post-medium post-4627 post type-post status-publish format-standard has-post-thumbnail hentry category-research\">\n\t<style type=\"text\/css\">\n\t\t\n\t\t\n\t\t\n\t\t\n\t\t\t<\/style>\n\n\n\t\t\t<div class=\"fusion-flexslider flexslider fusion-flexslider-loading fusion-post-slideshow\" style=\"\">\n\t\t<ul class=\"slides\">\n\t\t\t\n\t\t\t\t\t\t\t\t\t\t\t\t\t\t<li><div  class=\"fusion-image-wrapper fusion-image-size-fixed\" aria-haspopup=\"true\">\n\t\t\t\t<img decoding=\"async\" width=\"320\" height=\"202\" src=\"https:\/\/softmatter.quimica.unlp.edu.ar\/wp-content\/uploads\/2016\/06\/Nanocaracterizaci\u00f3n-de-Materiales-Blandos-e-Interfaces-Utilizando-T\u00e9cnicas-de-Sincrotr\u00f3n-320x202.png\" class=\"attachment-blog-medium size-blog-medium wp-post-image\" alt=\"\" srcset=\"https:\/\/softmatter.quimica.unlp.edu.ar\/wp-content\/uploads\/2016\/06\/Nanocaracterizaci\u00f3n-de-Materiales-Blandos-e-Interfaces-Utilizando-T\u00e9cnicas-de-Sincrotr\u00f3n-320x202.png 320w, https:\/\/softmatter.quimica.unlp.edu.ar\/wp-content\/uploads\/2016\/06\/Nanocaracterizaci\u00f3n-de-Materiales-Blandos-e-Interfaces-Utilizando-T\u00e9cnicas-de-Sincrotr\u00f3n-700x441.png 700w\" sizes=\"(max-width: 320px) 100vw, 320px\" \/><div class=\"fusion-rollover\">\n\t<div class=\"fusion-rollover-content\">\n\n\t\t\t\t\t\t\t\t\t\t\t\t\t\t<a class=\"fusion-rollover-link\" href=\"https:\/\/softmatter.quimica.unlp.edu.ar\/?p=4627\">Synchrotron-based Nanocharacterization of Soft Materials and Interfaces<\/a>\n\t\t\t\n\t\t\t\t\t\t\t\t\t\t\t\t\t\t\n\t\t\t\t\t\t\t\t\n\t\t\t\t\t\t\t\t\t\t\t\t\t<div class=\"fusion-rollover-sep\"><\/div>\n\t\t\t\t\n\t\t\t\t\t\t\t\t\t\t\t\t\t\t\t\t\t\t<a class=\"fusion-rollover-gallery\" href=\"https:\/\/softmatter.quimica.unlp.edu.ar\/wp-content\/uploads\/2016\/06\/Nanocaracterizaci\u00f3n-de-Materiales-Blandos-e-Interfaces-Utilizando-T\u00e9cnicas-de-Sincrotr\u00f3n.png\" data-options=\"\" data-id=\"4627\" data-rel=\"iLightbox[gallery]\" data-title=\"Nanocaracterizaci\u00f3n-de-Materiales-Blandos-e-Interfaces-Utilizando-T\u00e9cnicas-de-Sincrotr\u00f3n\" data-caption=\"\">\n\t\t\t\t\t\tGallery\t\t\t\t\t<\/a>\n\t\t\t\t\t\t\t\t\t\t\t\t\t\t\n\t\t\n\t\t\t\t\t\t\t\t\t\t\t\t<h4 class=\"fusion-rollover-title\">\n\t\t\t\t\t<a class=\"fusion-rollover-title-link\" href=\"https:\/\/softmatter.quimica.unlp.edu.ar\/?p=4627\">\n\t\t\t\t\t\tSynchrotron-based Nanocharacterization of Soft Materials and Interfaces\t\t\t\t\t<\/a>\n\t\t\t\t<\/h4>\n\t\t\t\n\t\t\t\t\t\t\t\t\t\t<div class=\"fusion-rollover-categories\"><a href=\"https:\/\/softmatter.quimica.unlp.edu.ar\/?cat=2\" rel=\"tag\">Research<\/a><\/div>\t\t\t\t\t\n\t\t\n\t\t\t\t\t\t<a class=\"fusion-link-wrapper\" href=\"https:\/\/softmatter.quimica.unlp.edu.ar\/?p=4627\" aria-label=\"Synchrotron-based Nanocharacterization of Soft Materials and Interfaces\"><\/a>\n\t<\/div>\n<\/div>\n<\/div>\n<\/li>\n\t\t\t\n\t\t\t\n\t\t\t\t\t\t\t\t\t\t\t\t\t\t\t\t\t\t\t\t\t\t\t\t\t\t\t\t\t\t\t\t\t\t\t\t\t\t\t\t\t\t\t\t\t\t\t\t\t\t\t\t\t\t\t\t\t\t\t\t\t\t\t\t\t\t\t\t<\/ul>\n\t<\/div>\n\t<div class=\"fusion-post-content post-content\"><h2 class=\"blog-shortcode-post-title entry-title\"><a href=\"https:\/\/softmatter.quimica.unlp.edu.ar\/?p=4627\">Synchrotron-based Nanocharacterization of Soft Materials and Interfaces<\/a><\/h2><div class=\"fusion-post-content-container\"><p>Synchrotron radiation allows an exhaustive characterization of the structure, chemical nature and dynamics of materials. In this sense our lab exploits a wide range of methods, from small angle scattering up to spectroscopic methods, to [...]<\/p><\/div><\/div><div class=\"fusion-clearfix\"><\/div><\/article>\n<article id=\"blog-1-post-4625\" class=\"fusion-post-medium post-4625 post type-post status-publish format-standard has-post-thumbnail hentry category-research\">\n\t<style type=\"text\/css\">\n\t\t\n\t\t\n\t\t\n\t\t\n\t\t\t<\/style>\n\n\n\t\t\t<div class=\"fusion-flexslider flexslider fusion-flexslider-loading fusion-post-slideshow\" style=\"\">\n\t\t<ul class=\"slides\">\n\t\t\t\n\t\t\t\t\t\t\t\t\t\t\t\t\t\t<li><div  class=\"fusion-image-wrapper fusion-image-size-fixed\" aria-haspopup=\"true\">\n\t\t\t\t<img decoding=\"async\" width=\"320\" height=\"202\" src=\"https:\/\/softmatter.quimica.unlp.edu.ar\/wp-content\/uploads\/2016\/06\/Modelado-Molecular-de-Materiales-Blandos-y-Nanoestructurados-320x202.png\" class=\"attachment-blog-medium size-blog-medium wp-post-image\" alt=\"\" \/><div class=\"fusion-rollover\">\n\t<div class=\"fusion-rollover-content\">\n\n\t\t\t\t\t\t\t\t\t\t\t\t\t\t<a class=\"fusion-rollover-link\" href=\"https:\/\/softmatter.quimica.unlp.edu.ar\/?p=4625\">Molecular Modeling of Soft and Nanostructured Materials<\/a>\n\t\t\t\n\t\t\t\t\t\t\t\t\t\t\t\t\t\t\n\t\t\t\t\t\t\t\t\n\t\t\t\t\t\t\t\t\t\t\t\t\t<div class=\"fusion-rollover-sep\"><\/div>\n\t\t\t\t\n\t\t\t\t\t\t\t\t\t\t\t\t\t\t\t\t\t\t<a class=\"fusion-rollover-gallery\" href=\"https:\/\/softmatter.quimica.unlp.edu.ar\/wp-content\/uploads\/2016\/06\/Modelado-Molecular-de-Materiales-Blandos-y-Nanoestructurados.png\" data-options=\"\" data-id=\"4625\" data-rel=\"iLightbox[gallery]\" data-title=\"Modelado-Molecular-de-Materiales-Blandos-y-Nanoestructurados\" data-caption=\"\">\n\t\t\t\t\t\tGallery\t\t\t\t\t<\/a>\n\t\t\t\t\t\t\t\t\t\t\t\t\t\t\n\t\t\n\t\t\t\t\t\t\t\t\t\t\t\t<h4 class=\"fusion-rollover-title\">\n\t\t\t\t\t<a class=\"fusion-rollover-title-link\" href=\"https:\/\/softmatter.quimica.unlp.edu.ar\/?p=4625\">\n\t\t\t\t\t\tMolecular Modeling of Soft and Nanostructured Materials\t\t\t\t\t<\/a>\n\t\t\t\t<\/h4>\n\t\t\t\n\t\t\t\t\t\t\t\t\t\t<div class=\"fusion-rollover-categories\"><a href=\"https:\/\/softmatter.quimica.unlp.edu.ar\/?cat=2\" rel=\"tag\">Research<\/a><\/div>\t\t\t\t\t\n\t\t\n\t\t\t\t\t\t<a class=\"fusion-link-wrapper\" href=\"https:\/\/softmatter.quimica.unlp.edu.ar\/?p=4625\" aria-label=\"Molecular Modeling of Soft and Nanostructured Materials\"><\/a>\n\t<\/div>\n<\/div>\n<\/div>\n<\/li>\n\t\t\t\n\t\t\t\n\t\t\t\t\t\t\t\t\t\t\t\t\t\t\t\t\t\t\t\t\t\t\t\t\t\t\t\t\t\t\t\t\t\t\t\t\t\t\t\t\t\t\t\t\t\t\t\t\t\t\t\t\t\t\t\t\t\t\t\t\t\t\t\t\t\t\t\t<\/ul>\n\t<\/div>\n\t<div class=\"fusion-post-content post-content\"><h2 class=\"blog-shortcode-post-title entry-title\"><a href=\"https:\/\/softmatter.quimica.unlp.edu.ar\/?p=4625\">Molecular Modeling of Soft and Nanostructured Materials<\/a><\/h2><div class=\"fusion-post-content-container\"><p>Overview The focus of our research is on the molecular modeling of soft and nanostructured materials. We develop and apply theoretical models and computer simulations. Our goal is to understand how molecular interactions and nanoscale [...]<\/p><\/div><\/div><div class=\"fusion-clearfix\"><\/div><\/article>\n<article id=\"blog-1-post-4623\" class=\"fusion-post-medium post-4623 post type-post status-publish format-standard has-post-thumbnail hentry category-research\">\n\t<style type=\"text\/css\">\n\t\t\n\t\t\n\t\t\n\t\t\n\t\t\t<\/style>\n\n\n\t\t\t<div class=\"fusion-flexslider flexslider fusion-flexslider-loading fusion-post-slideshow\" style=\"\">\n\t\t<ul class=\"slides\">\n\t\t\t\n\t\t\t\t\t\t\t\t\t\t\t\t\t\t<li><div  class=\"fusion-image-wrapper fusion-image-size-fixed\" aria-haspopup=\"true\">\n\t\t\t\t<img decoding=\"async\" width=\"320\" height=\"202\" src=\"https:\/\/softmatter.quimica.unlp.edu.ar\/wp-content\/uploads\/2016\/06\/Arquitecturas-Nanoflu\u00eddicas-Biomim\u00e9ticas-320x202.png\" class=\"attachment-blog-medium size-blog-medium wp-post-image\" alt=\"\" srcset=\"https:\/\/softmatter.quimica.unlp.edu.ar\/wp-content\/uploads\/2016\/06\/Arquitecturas-Nanoflu\u00eddicas-Biomim\u00e9ticas-320x202.png 320w, https:\/\/softmatter.quimica.unlp.edu.ar\/wp-content\/uploads\/2016\/06\/Arquitecturas-Nanoflu\u00eddicas-Biomim\u00e9ticas-700x441.png 700w\" sizes=\"(max-width: 320px) 100vw, 320px\" \/><div class=\"fusion-rollover\">\n\t<div class=\"fusion-rollover-content\">\n\n\t\t\t\t\t\t\t\t\t\t\t\t\t\t<a class=\"fusion-rollover-link\" href=\"https:\/\/softmatter.quimica.unlp.edu.ar\/?p=4623\">Biomimetic Nanofluidic Architectures<\/a>\n\t\t\t\n\t\t\t\t\t\t\t\t\t\t\t\t\t\t\n\t\t\t\t\t\t\t\t\n\t\t\t\t\t\t\t\t\t\t\t\t\t<div class=\"fusion-rollover-sep\"><\/div>\n\t\t\t\t\n\t\t\t\t\t\t\t\t\t\t\t\t\t\t\t\t\t\t<a class=\"fusion-rollover-gallery\" href=\"https:\/\/softmatter.quimica.unlp.edu.ar\/wp-content\/uploads\/2016\/06\/Arquitecturas-Nanoflu\u00eddicas-Biomim\u00e9ticas.png\" data-options=\"\" data-id=\"4623\" data-rel=\"iLightbox[gallery]\" data-title=\"Arquitecturas Nanoflu\u00eddicas Biomim\u00e9ticas\" data-caption=\"\">\n\t\t\t\t\t\tGallery\t\t\t\t\t<\/a>\n\t\t\t\t\t\t\t\t\t\t\t\t\t\t\n\t\t\n\t\t\t\t\t\t\t\t\t\t\t\t<h4 class=\"fusion-rollover-title\">\n\t\t\t\t\t<a class=\"fusion-rollover-title-link\" href=\"https:\/\/softmatter.quimica.unlp.edu.ar\/?p=4623\">\n\t\t\t\t\t\tBiomimetic Nanofluidic Architectures\t\t\t\t\t<\/a>\n\t\t\t\t<\/h4>\n\t\t\t\n\t\t\t\t\t\t\t\t\t\t<div class=\"fusion-rollover-categories\"><a href=\"https:\/\/softmatter.quimica.unlp.edu.ar\/?cat=2\" rel=\"tag\">Research<\/a><\/div>\t\t\t\t\t\n\t\t\n\t\t\t\t\t\t<a class=\"fusion-link-wrapper\" href=\"https:\/\/softmatter.quimica.unlp.edu.ar\/?p=4623\" aria-label=\"Biomimetic Nanofluidic Architectures\"><\/a>\n\t<\/div>\n<\/div>\n<\/div>\n<\/li>\n\t\t\t\n\t\t\t\n\t\t\t\t\t\t\t\t\t\t\t\t\t\t\t\t\t\t\t\t\t\t\t\t\t\t\t\t\t\t\t\t\t\t\t\t\t\t\t\t\t\t\t\t\t\t\t\t\t\t\t\t\t\t\t\t\t\t\t\t\t\t\t\t\t\t\t\t<\/ul>\n\t<\/div>\n\t<div class=\"fusion-post-content post-content\"><h2 class=\"blog-shortcode-post-title entry-title\"><a href=\"https:\/\/softmatter.quimica.unlp.edu.ar\/?p=4623\">Biomimetic Nanofluidic Architectures<\/a><\/h2><div class=\"fusion-post-content-container\"><p>The virtues of working with nanofluidic elements are being increasingly recognized by the biomimetics research community. This has led to the emergence of a research area that is currently at the forefront of materials science [...]<\/p><\/div><\/div><div class=\"fusion-clearfix\"><\/div><\/article>\n<article id=\"blog-1-post-4620\" class=\"fusion-post-medium post-4620 post type-post status-publish format-standard has-post-thumbnail hentry category-research\">\n\t<style type=\"text\/css\">\n\t\t\n\t\t\n\t\t\n\t\t\n\t\t\t<\/style>\n\n\n\t\t\t<div class=\"fusion-flexslider flexslider fusion-flexslider-loading fusion-post-slideshow\" style=\"\">\n\t\t<ul class=\"slides\">\n\t\t\t\n\t\t\t\t\t\t\t\t\t\t\t\t\t\t<li><div  class=\"fusion-image-wrapper fusion-image-size-fixed\" aria-haspopup=\"true\">\n\t\t\t\t<img decoding=\"async\" width=\"320\" height=\"202\" src=\"https:\/\/softmatter.quimica.unlp.edu.ar\/wp-content\/uploads\/2016\/06\/Materiales-Macromoleculares-y-Supramoleculares-Funcionales-320x202.png\" class=\"attachment-blog-medium size-blog-medium wp-post-image\" alt=\"\" srcset=\"https:\/\/softmatter.quimica.unlp.edu.ar\/wp-content\/uploads\/2016\/06\/Materiales-Macromoleculares-y-Supramoleculares-Funcionales-320x202.png 320w, https:\/\/softmatter.quimica.unlp.edu.ar\/wp-content\/uploads\/2016\/06\/Materiales-Macromoleculares-y-Supramoleculares-Funcionales-700x441.png 700w\" sizes=\"(max-width: 320px) 100vw, 320px\" \/><div class=\"fusion-rollover\">\n\t<div class=\"fusion-rollover-content\">\n\n\t\t\t\t\t\t\t\t\t\t\t\t\t\t<a class=\"fusion-rollover-link\" href=\"https:\/\/softmatter.quimica.unlp.edu.ar\/?p=4620\">Functional Macromolecular and Supramolecular Materials<\/a>\n\t\t\t\n\t\t\t\t\t\t\t\t\t\t\t\t\t\t\n\t\t\t\t\t\t\t\t\n\t\t\t\t\t\t\t\t\t\t\t\t\t<div class=\"fusion-rollover-sep\"><\/div>\n\t\t\t\t\n\t\t\t\t\t\t\t\t\t\t\t\t\t\t\t\t\t\t<a class=\"fusion-rollover-gallery\" href=\"https:\/\/softmatter.quimica.unlp.edu.ar\/wp-content\/uploads\/2016\/06\/Materiales-Macromoleculares-y-Supramoleculares-Funcionales.png\" data-options=\"\" data-id=\"4620\" data-rel=\"iLightbox[gallery]\" data-title=\"Materiales Macromoleculares y Supramoleculares Funcionales\" data-caption=\"\">\n\t\t\t\t\t\tGallery\t\t\t\t\t<\/a>\n\t\t\t\t\t\t\t\t\t\t\t\t\t\t\n\t\t\n\t\t\t\t\t\t\t\t\t\t\t\t<h4 class=\"fusion-rollover-title\">\n\t\t\t\t\t<a class=\"fusion-rollover-title-link\" href=\"https:\/\/softmatter.quimica.unlp.edu.ar\/?p=4620\">\n\t\t\t\t\t\tFunctional Macromolecular and Supramolecular Materials\t\t\t\t\t<\/a>\n\t\t\t\t<\/h4>\n\t\t\t\n\t\t\t\t\t\t\t\t\t\t<div class=\"fusion-rollover-categories\"><a href=\"https:\/\/softmatter.quimica.unlp.edu.ar\/?cat=2\" rel=\"tag\">Research<\/a><\/div>\t\t\t\t\t\n\t\t\n\t\t\t\t\t\t<a class=\"fusion-link-wrapper\" href=\"https:\/\/softmatter.quimica.unlp.edu.ar\/?p=4620\" aria-label=\"Functional Macromolecular and Supramolecular Materials\"><\/a>\n\t<\/div>\n<\/div>\n<\/div>\n<\/li>\n\t\t\t\n\t\t\t\n\t\t\t\t\t\t\t\t\t\t\t\t\t\t\t\t\t\t\t\t\t\t\t\t\t\t\t\t\t\t\t\t\t\t\t\t\t\t\t\t\t\t\t\t\t\t\t\t\t\t\t\t\t\t\t\t\t\t\t\t\t\t\t\t\t\t\t\t<\/ul>\n\t<\/div>\n\t<div class=\"fusion-post-content post-content\"><h2 class=\"blog-shortcode-post-title entry-title\"><a href=\"https:\/\/softmatter.quimica.unlp.edu.ar\/?p=4620\">Functional Macromolecular and Supramolecular Materials<\/a><\/h2><div class=\"fusion-post-content-container\"><p>In the recent years, the combination of polymer chemistry and supramacromolecular assembly has demonstrated unparalleled versatility to build up functional materials entirely from scratch. For instance, it is now well accepted that the manipulation of [...]<\/p><\/div><\/div><div class=\"fusion-clearfix\"><\/div><\/article>\n<article id=\"blog-1-post-4618\" class=\"fusion-post-medium post-4618 post type-post status-publish format-standard has-post-thumbnail hentry category-research\">\n\t<style type=\"text\/css\">\n\t\t\n\t\t\n\t\t\n\t\t\n\t\t\t<\/style>\n\n\n\t\t\t<div class=\"fusion-flexslider flexslider fusion-flexslider-loading fusion-post-slideshow\" style=\"\">\n\t\t<ul class=\"slides\">\n\t\t\t\n\t\t\t\t\t\t\t\t\t\t\t\t\t\t<li><div  class=\"fusion-image-wrapper fusion-image-size-fixed\" aria-haspopup=\"true\">\n\t\t\t\t<img decoding=\"async\" width=\"320\" height=\"202\" src=\"https:\/\/softmatter.quimica.unlp.edu.ar\/wp-content\/uploads\/2016\/06\/Superficies-e-Interfaces-Polim\u00e9ricas-320x202.png\" class=\"attachment-blog-medium size-blog-medium wp-post-image\" alt=\"\" srcset=\"https:\/\/softmatter.quimica.unlp.edu.ar\/wp-content\/uploads\/2016\/06\/Superficies-e-Interfaces-Polim\u00e9ricas-320x202.png 320w, https:\/\/softmatter.quimica.unlp.edu.ar\/wp-content\/uploads\/2016\/06\/Superficies-e-Interfaces-Polim\u00e9ricas-700x441.png 700w\" sizes=\"(max-width: 320px) 100vw, 320px\" \/><div class=\"fusion-rollover\">\n\t<div class=\"fusion-rollover-content\">\n\n\t\t\t\t\t\t\t\t\t\t\t\t\t\t<a class=\"fusion-rollover-link\" href=\"https:\/\/softmatter.quimica.unlp.edu.ar\/?p=4618\">Soft Surfaces and Interfaces<\/a>\n\t\t\t\n\t\t\t\t\t\t\t\t\t\t\t\t\t\t\n\t\t\t\t\t\t\t\t\n\t\t\t\t\t\t\t\t\t\t\t\t\t<div class=\"fusion-rollover-sep\"><\/div>\n\t\t\t\t\n\t\t\t\t\t\t\t\t\t\t\t\t\t\t\t\t\t\t<a class=\"fusion-rollover-gallery\" href=\"https:\/\/softmatter.quimica.unlp.edu.ar\/wp-content\/uploads\/2016\/06\/Superficies-e-Interfaces-Polim\u00e9ricas.png\" data-options=\"\" data-id=\"4618\" data-rel=\"iLightbox[gallery]\" data-title=\"Superficies e Interfaces Polim\u00e9ricas\" data-caption=\"\">\n\t\t\t\t\t\tGallery\t\t\t\t\t<\/a>\n\t\t\t\t\t\t\t\t\t\t\t\t\t\t\n\t\t\n\t\t\t\t\t\t\t\t\t\t\t\t<h4 class=\"fusion-rollover-title\">\n\t\t\t\t\t<a class=\"fusion-rollover-title-link\" href=\"https:\/\/softmatter.quimica.unlp.edu.ar\/?p=4618\">\n\t\t\t\t\t\tSoft Surfaces and Interfaces\t\t\t\t\t<\/a>\n\t\t\t\t<\/h4>\n\t\t\t\n\t\t\t\t\t\t\t\t\t\t<div class=\"fusion-rollover-categories\"><a href=\"https:\/\/softmatter.quimica.unlp.edu.ar\/?cat=2\" rel=\"tag\">Research<\/a><\/div>\t\t\t\t\t\n\t\t\n\t\t\t\t\t\t<a class=\"fusion-link-wrapper\" href=\"https:\/\/softmatter.quimica.unlp.edu.ar\/?p=4618\" aria-label=\"Soft Surfaces and Interfaces\"><\/a>\n\t<\/div>\n<\/div>\n<\/div>\n<\/li>\n\t\t\t\n\t\t\t\n\t\t\t\t\t\t\t\t\t\t\t\t\t\t\t\t\t\t\t\t\t\t\t\t\t\t\t\t\t\t\t\t\t\t\t\t\t\t\t\t\t\t\t\t\t\t\t\t\t\t\t\t\t\t\t\t\t\t\t\t\t\t\t\t\t\t\t\t<\/ul>\n\t<\/div>\n\t<div class=\"fusion-post-content post-content\"><h2 class=\"blog-shortcode-post-title entry-title\"><a href=\"https:\/\/softmatter.quimica.unlp.edu.ar\/?p=4618\">Soft Surfaces and Interfaces<\/a><\/h2><div class=\"fusion-post-content-container\"><p>The chemistry that occurs at interfaces plays a determinant role in our everyday life, ranging from biological to large\u2013scale industrial processes. This can be observed when following the development of novel biosensors or efficient catalysts [...]<\/p><\/div><\/div><div class=\"fusion-clearfix\"><\/div><\/article>\n<\/div><\/div><div class=\"fusion-clearfix\"><\/div><\/div><\/div><\/div><\/div>\n","protected":false},"excerpt":{"rendered":"","protected":false},"author":11,"featured_media":0,"parent":0,"menu_order":0,"comment_status":"closed","ping_status":"closed","template":"","meta":{"footnotes":""},"class_list":["post-4937","page","type-page","status-publish","hentry"],"_links":{"self":[{"href":"https:\/\/softmatter.quimica.unlp.edu.ar\/index.php?rest_route=\/wp\/v2\/pages\/4937","targetHints":{"allow":["GET"]}}],"collection":[{"href":"https:\/\/softmatter.quimica.unlp.edu.ar\/index.php?rest_route=\/wp\/v2\/pages"}],"about":[{"href":"https:\/\/softmatter.quimica.unlp.edu.ar\/index.php?rest_route=\/wp\/v2\/types\/page"}],"author":[{"embeddable":true,"href":"https:\/\/softmatter.quimica.unlp.edu.ar\/index.php?rest_route=\/wp\/v2\/users\/11"}],"replies":[{"embeddable":true,"href":"https:\/\/softmatter.quimica.unlp.edu.ar\/index.php?rest_route=%2Fwp%2Fv2%2Fcomments&post=4937"}],"version-history":[{"count":2,"href":"https:\/\/softmatter.quimica.unlp.edu.ar\/index.php?rest_route=\/wp\/v2\/pages\/4937\/revisions"}],"predecessor-version":[{"id":5753,"href":"https:\/\/softmatter.quimica.unlp.edu.ar\/index.php?rest_route=\/wp\/v2\/pages\/4937\/revisions\/5753"}],"wp:attachment":[{"href":"https:\/\/softmatter.quimica.unlp.edu.ar\/index.php?rest_route=%2Fwp%2Fv2%2Fmedia&parent=4937"}],"curies":[{"name":"wp","href":"https:\/\/api.w.org\/{rel}","templated":true}]}}