{"id":5870,"date":"2017-07-18T00:12:21","date_gmt":"2017-07-18T00:12:21","guid":{"rendered":"https:\/\/softmatter.quimica.unlp.edu.ar\/?page_id=5870"},"modified":"2025-05-21T13:37:43","modified_gmt":"2025-05-21T13:37:43","slug":"alberto-albesa-2","status":"publish","type":"page","link":"https:\/\/softmatter.quimica.unlp.edu.ar\/?page_id=5870","title":{"rendered":"Alberto Albesa"},"content":{"rendered":"<div class=\"fusion-fullwidth fullwidth-box fusion-builder-row-1 hundred-percent-fullwidth non-hundred-percent-height-scrolling\" style=\"--awb-border-radius-top-left:0px;--awb-border-radius-top-right:0px;--awb-border-radius-bottom-right:0px;--awb-border-radius-bottom-left:0px;--awb-overflow:visible;--awb-flex-wrap:wrap;\" ><div class=\"fusion-builder-row fusion-row\"><div class=\"fusion-layout-column fusion_builder_column fusion-builder-column-0 fusion_builder_column_1_2 1_2 fusion-one-half fusion-column-first\" style=\"--awb-bg-size:cover;width:48%; margin-right: 4%;\"><div class=\"fusion-column-wrapper fusion-flex-column-wrapper-legacy\"><div class=\"fusion-text fusion-text-1\"><p style=\"text-align: center;\"><a href=\"https:\/\/softmatter.quimica.unlp.edu.ar\/wp-content\/uploads\/2017\/05\/IMG-20161111-WA0020.jpg\"><img decoding=\"async\" class=\"alignnone wp-image-5401\" src=\"https:\/\/softmatter.quimica.unlp.edu.ar\/wp-content\/uploads\/2017\/05\/IMG-20161111-WA0020-300x192.jpg\" alt=\"\" width=\"450\" height=\"288\" srcset=\"https:\/\/softmatter.quimica.unlp.edu.ar\/wp-content\/uploads\/2017\/05\/IMG-20161111-WA0020-200x128.jpg 200w, https:\/\/softmatter.quimica.unlp.edu.ar\/wp-content\/uploads\/2017\/05\/IMG-20161111-WA0020-300x192.jpg 300w, https:\/\/softmatter.quimica.unlp.edu.ar\/wp-content\/uploads\/2017\/05\/IMG-20161111-WA0020-400x256.jpg 400w, https:\/\/softmatter.quimica.unlp.edu.ar\/wp-content\/uploads\/2017\/05\/IMG-20161111-WA0020-460x295.jpg 460w, https:\/\/softmatter.quimica.unlp.edu.ar\/wp-content\/uploads\/2017\/05\/IMG-20161111-WA0020-600x384.jpg 600w, https:\/\/softmatter.quimica.unlp.edu.ar\/wp-content\/uploads\/2017\/05\/IMG-20161111-WA0020-768x492.jpg 768w, https:\/\/softmatter.quimica.unlp.edu.ar\/wp-content\/uploads\/2017\/05\/IMG-20161111-WA0020-800x512.jpg 800w, https:\/\/softmatter.quimica.unlp.edu.ar\/wp-content\/uploads\/2017\/05\/IMG-20161111-WA0020.jpg 907w\" sizes=\"(max-width: 450px) 100vw, 450px\" \/><\/a><\/p>\n<\/div><div class=\"fusion-clearfix\"><\/div><\/div><\/div><div class=\"fusion-layout-column fusion_builder_column fusion-builder-column-1 fusion_builder_column_1_2 1_2 fusion-one-half fusion-column-last\" style=\"--awb-bg-size:cover;width:48%;\"><div class=\"fusion-column-wrapper fusion-flex-column-wrapper-legacy\"><div class=\"fusion-text fusion-text-2\"><p>Alberto estudi\u00f3 la Licenciatura en Qu\u00edmica en la Universidad Nacional de La Plata (UNLP) (Argentina), se doctor\u00f3 en \u00a02011 estudiando los fen\u00f3menos de adsorci\u00f3n sobre nanoestructuras carbonosas. En 2013 ingres\u00f3 a la carrera de Investigador de CONICET como miembro del Instituto de Investigaciones Fisicoqu\u00edmicas Te\u00f3ricas y Aplicadas. El foco de su investigaci\u00f3n se encuentra en el desarrollo y la aplicaci\u00f3n del modelado molecular de materiales nanoestructurados mediante desarrollos te\u00f3ricos y simulaciones computacionales. A la fecha lleva publicados m\u00e1s de 25 art\u00edculos cient\u00edficos en revistas nacionales e internacionales. Desarroll\u00f3 su carrera docente en la Facultad de Ciencias Exactas, en donde actualmente se desempe\u00f1a como Jefe de Trabajos Pr\u00e1cticos en \u00a0materias de los primeros a\u00f1os.<\/p>\n<\/div><ul style=\"--awb-size:13px;--awb-line-height:22.1px;--awb-icon-width:22.1px;--awb-icon-height:22.1px;--awb-icon-margin:9.1px;--awb-content-margin:31.2px;--awb-circlecolor:#1a80b6;--awb-circle-yes-font-size:11.44px;\" class=\"fusion-checklist fusion-checklist-1 fusion-checklist-default type-icons\"><li class=\"fusion-li-item\" style=\"\"><span class=\"icon-wrapper circle-yes\"><i class=\"fusion-li-icon fa-arrow-right fas\" aria-hidden=\"true\"><\/i><\/span><div class=\"fusion-li-item-content\">\n<p><a href=\"https:\/\/softmatter.quimica.unlp.edu.ar\/wp-content\/uploads\/2017\/05\/CV_ALBESA_Normalizado_mayo_2017.docx\" target=\"_blank\" rel=\"noopener noreferrer\">Download CV<\/a><\/p>\n<\/div><\/li><li class=\"fusion-li-item\" style=\"\"><span class=\"icon-wrapper circle-yes\"><i class=\"fusion-li-icon fa-arrow-right fas\" aria-hidden=\"true\"><\/i><\/span><div class=\"fusion-li-item-content\">\n<p><a href=\"https:\/\/www.researchgate.net\/profile\/Alberto_Albesa\" target=\"_blank\" rel=\"noopener\">Research Gate<\/a><\/p>\n<\/div><\/li><li class=\"fusion-li-item\" style=\"\"><span class=\"icon-wrapper circle-yes\"><i class=\"fusion-li-icon fa-arrow-right fas\" aria-hidden=\"true\"><\/i><\/span><div class=\"fusion-li-item-content\">\n<p><a href=\"https:\/\/scholar.google.com\/citations?hl=es&amp;user=fY8KZYEAAAAJ\" target=\"_blank\" rel=\"noopener\">Google Scholar<\/a><\/p>\n<\/div><\/li><\/ul><div class=\"fusion-clearfix\"><\/div><\/div><\/div><div class=\"fusion-layout-column fusion_builder_column fusion-builder-column-2 fusion_builder_column_1_1 1_1 fusion-one-full fusion-column-first fusion-column-last\" style=\"--awb-bg-size:cover;\"><div class=\"fusion-column-wrapper fusion-flex-column-wrapper-legacy\"><div class=\"fusion-sep-clear\"><\/div><div class=\"fusion-separator fusion-full-width-sep\" style=\"margin-left: auto;margin-right: auto;margin-top:5px;margin-bottom:5px;width:100%;\"><div class=\"fusion-separator-border sep-double sep-solid\" style=\"--awb-height:20px;--awb-amount:20px;border-color:#e0dede;border-top-width:1px;border-bottom-width:1px;\"><\/div><\/div><div class=\"fusion-sep-clear\"><\/div><div class=\"fusion-clearfix\"><\/div><\/div><\/div><div class=\"fusion-layout-column fusion_builder_column fusion-builder-column-3 fusion_builder_column_1_1 1_1 fusion-one-full fusion-column-first fusion-column-last fusion-column-no-min-height\" style=\"--awb-bg-size:cover;--awb-margin-bottom:0px;\"><div class=\"fusion-column-wrapper fusion-flex-column-wrapper-legacy\"><div class=\"fusion-text fusion-text-3\"><p><strong><span class=\"style3\">Selected publications<\/span><\/strong><\/p>\n<ol>\n<li>Albesa, A. G., Rafti, M., Rawat, D. S., Vicente, J. L., &amp; Migone, A. D. (2012). Ethane\/ethylene adsorption on carbon nanotubes: temperature and size effects on separation capacity.\u00a0<i>Langmuir<\/i>,\u00a0<i>28<\/i>(3), 1824-1832.<\/li>\n<li>Albesa, A. G., Fertitta, E. A., &amp; Vicente, J. L. (2009). Comparative study of methane adsorption on single-walled carbon nanotubes.\u00a0<i>Langmuir<\/i>,\u00a0<i>26<\/i>(2), 786-795.<\/li>\n<li>Gallaba, D. H., Albesa, A. G., &amp; Migone, A. D. (2016). Evidence of Gate-Opening on Xenon Adsorption on ZIF-8: An Adsorption and Computer Simulation Study.\u00a0<i>The Journal of Physical Chemistry C<\/i>,\u00a0<i>120<\/i>(30), 16649-16657.<\/li>\n<li>P\u00e9rez-Mitta, G., Albesa, A. G., Knoll, W., Trautmann, C., Toimil-Molares, M. E., &amp; Azzaroni, O. (2015). Host\u2013guest supramolecular chemistry in solid-state nanopores: potassium-driven modulation of ionic transport in nanofluidic diodes.\u00a0<i>Nanoscale<\/i>,\u00a0<i>7<\/i>(38), 15594-15598.<\/li>\n<li>Perez-Mitta, G., Albesa, A. G., Gilles, F. M., Toimil-Molares, M. E., Trautmann, C., &amp; Azzaroni, O. (2017). A Noncovalent Approach Towards the Construction of Nanofluidic Diodes with pH-Reversible Rectifying Properties-Insights from Theory and Experiment.\u00a0<i>The Journal of Physical Chemistry C<\/i>.<\/li>\n<\/ol>\n<\/div><div class=\"fusion-text fusion-text-4\"><\/div><div class=\"fusion-clearfix\"><\/div><\/div><\/div><\/div><\/div>\n","protected":false},"excerpt":{"rendered":"","protected":false},"author":8,"featured_media":0,"parent":4928,"menu_order":0,"comment_status":"closed","ping_status":"closed","template":"","meta":{"footnotes":""},"class_list":["post-5870","page","type-page","status-publish","hentry"],"_links":{"self":[{"href":"https:\/\/softmatter.quimica.unlp.edu.ar\/index.php?rest_route=\/wp\/v2\/pages\/5870","targetHints":{"allow":["GET"]}}],"collection":[{"href":"https:\/\/softmatter.quimica.unlp.edu.ar\/index.php?rest_route=\/wp\/v2\/pages"}],"about":[{"href":"https:\/\/softmatter.quimica.unlp.edu.ar\/index.php?rest_route=\/wp\/v2\/types\/page"}],"author":[{"embeddable":true,"href":"https:\/\/softmatter.quimica.unlp.edu.ar\/index.php?rest_route=\/wp\/v2\/users\/8"}],"replies":[{"embeddable":true,"href":"https:\/\/softmatter.quimica.unlp.edu.ar\/index.php?rest_route=%2Fwp%2Fv2%2Fcomments&post=5870"}],"version-history":[{"count":6,"href":"https:\/\/softmatter.quimica.unlp.edu.ar\/index.php?rest_route=\/wp\/v2\/pages\/5870\/revisions"}],"predecessor-version":[{"id":6841,"href":"https:\/\/softmatter.quimica.unlp.edu.ar\/index.php?rest_route=\/wp\/v2\/pages\/5870\/revisions\/6841"}],"up":[{"embeddable":true,"href":"https:\/\/softmatter.quimica.unlp.edu.ar\/index.php?rest_route=\/wp\/v2\/pages\/4928"}],"wp:attachment":[{"href":"https:\/\/softmatter.quimica.unlp.edu.ar\/index.php?rest_route=%2Fwp%2Fv2%2Fmedia&parent=5870"}],"curies":[{"name":"wp","href":"https:\/\/api.w.org\/{rel}","templated":true}]}}